{"id":453,"date":"2025-05-13T21:11:51","date_gmt":"2025-05-13T19:11:51","guid":{"rendered":"https:\/\/www.ucf42.com\/vega\/?page_id=453"},"modified":"2025-05-13T21:15:14","modified_gmt":"2025-05-13T19:15:14","slug":"handisports-2025-note-riverains-n4","status":"publish","type":"page","link":"https:\/\/www.ucf42.com\/vega\/handisports-2025-note-riverains-n4\/","title":{"rendered":"HANDISPORTS 2025 Note riverains n\u00b04"},"content":{"rendered":"\n<p>Pour les habitants du lotissement \u00ab\u00a0Le pr\u00e9 du Bourg\u00a0\u00bb.<\/p>\n\n\n\n<p>Pour acc\u00e9der \u00e0 votre domicile pendant les \u00e9preuves du samedi, pr\u00e9sentez vous au rond point en entr\u00e9e de ville et annoncez votre destination aux signaleurs.<\/p>\n\n\n<p style=\"padding-left:10px;\">File Name: 20250430-Note-riverains-4.pdf<\/p><p style=\"padding-left:10px;\"><a class=\"s_pdf_download_link\" href=\"http:\/\/www.ucf42.com\/vega\/wp-content\/uploads\/20250430-Note-riverains-4.pdf\" download><button style=\"margin-bottom:10px;background-color:;\" class=\"ppv_download_bttn\">Download File<\/button><\/a><\/p>            <div class=\"ppv_wrapper ppv_container\" style=\"position: relative;width:100%; height:2400px;\">\r\n                <div class=\"ppv-loading\">PDF Loading...<\/div>\r\n                <iframe id=\"s_pdf_frame\" src=\"\/\/docs.google.com\/gview?embedded=true&#038;url=http:\/\/www.ucf42.com\/vega\/wp-content\/uploads\/20250430-Note-riverains-4.pdf\" style=\"float:left; padding:10px;width:100%; height:2400px;\" frameborder=\"0\"><\/iframe>\r\n                            <\/div>\r\n            \r\n            \n","protected":false},"excerpt":{"rendered":"<p>Pour les habitants du lotissement \u00ab\u00a0Le pr\u00e9 du Bourg\u00a0\u00bb. Pour acc\u00e9der \u00e0 votre domicile pendant les \u00e9preuves du samedi, pr\u00e9sentez vous au rond point en entr\u00e9e de ville et annoncez votre destination aux signaleurs.<\/p>\n","protected":false},"author":2,"featured_media":0,"parent":0,"menu_order":0,"comment_status":"closed","ping_status":"closed","template":"","meta":{"footnotes":""},"class_list":["post-453","page","type-page","status-publish","czr-hentry"],"_links":{"self":[{"href":"https:\/\/www.ucf42.com\/vega\/wp-json\/wp\/v2\/pages\/453","targetHints":{"allow":["GET"]}}],"collection":[{"href":"https:\/\/www.ucf42.com\/vega\/wp-json\/wp\/v2\/pages"}],"about":[{"href":"https:\/\/www.ucf42.com\/vega\/wp-json\/wp\/v2\/types\/page"}],"author":[{"embeddable":true,"href":"https:\/\/www.ucf42.com\/vega\/wp-json\/wp\/v2\/users\/2"}],"replies":[{"embeddable":true,"href":"https:\/\/www.ucf42.com\/vega\/wp-json\/wp\/v2\/comments?post=453"}],"version-history":[{"count":2,"href":"https:\/\/www.ucf42.com\/vega\/wp-json\/wp\/v2\/pages\/453\/revisions"}],"predecessor-version":[{"id":456,"href":"https:\/\/www.ucf42.com\/vega\/wp-json\/wp\/v2\/pages\/453\/revisions\/456"}],"wp:attachment":[{"href":"https:\/\/www.ucf42.com\/vega\/wp-json\/wp\/v2\/media?parent=453"}],"curies":[{"name":"wp","href":"https:\/\/api.w.org\/{rel}","templated":true}]}}