{"id":243,"date":"2025-02-23T10:58:59","date_gmt":"2025-02-23T09:58:59","guid":{"rendered":"https:\/\/www.ucf42.com\/vega\/?page_id=243"},"modified":"2025-02-24T10:54:24","modified_gmt":"2025-02-24T09:54:24","slug":"nos-entrainements","status":"publish","type":"page","link":"https:\/\/www.ucf42.com\/vega\/nos-entrainements\/","title":{"rendered":"Nos entrainements"},"content":{"rendered":"\n<p>Pendant la p\u00e9riode des horaires d\u2019\u00e9t\u00e9 (avril \u00e0 fin octobre)&nbsp;:&nbsp;<strong>Les entra\u00eenements&nbsp;partent du parking du stade de Veauchette&nbsp;\u00e0 14h00 le&nbsp;Samedi &nbsp;et \u00e0 13h30 le Mercredi<\/strong><\/p>\n\n\n\n<p>Pendant la p\u00e9riode des horaires d\u2019hiver (novembre \u00e0 fin mars)&nbsp;:&nbsp;<strong>Les entra\u00eenements&nbsp;partent du parking du stade de Veauchette&nbsp;\u00e0 13h30 le&nbsp;Samedi, \u00e0 13h30 le Mercredi et \u00e0 09H30 le dimanche matin<\/strong><\/p>\n\n\n\n<p><\/p>\n\n\n\n<h2 class=\"wp-block-heading\">C&rsquo;est une excellente occasion pour venir faire notre connaissance !<\/h2>\n\n\n\n<hr class=\"wp-block-separator has-alpha-channel-opacity\"\/>\n\n\n\n<p class=\"has-white-color has-text-color has-link-color wp-elements-eb0cab2fab10e5afec7eabb51097bc5e\">ucf42.com, UCF, UCF42, Union Cycliste du Forez, cyclisme, Montrond les Bains, Veauche, Veauchette, Comp\u00e9tition, cyclisme sur route, cyclosport, handisport<\/p>\n","protected":false},"excerpt":{"rendered":"<p>Pendant la p\u00e9riode des horaires d\u2019\u00e9t\u00e9 (avril \u00e0 fin octobre)&nbsp;:&nbsp;Les entra\u00eenements&nbsp;partent du parking du stade de Veauchette&nbsp;\u00e0 14h00 le&nbsp;Samedi &nbsp;et \u00e0 13h30 le Mercredi Pendant la p\u00e9riode des horaires d\u2019hiver (novembre \u00e0 fin mars)&nbsp;:&nbsp;Les entra\u00eenements&nbsp;partent du parking du stade de Veauchette&nbsp;\u00e0 13h30 le&nbsp;Samedi, \u00e0 13h30 le Mercredi et \u00e0 09H30 le dimanche matin C&rsquo;est une [&hellip;]<\/p>\n","protected":false},"author":2,"featured_media":0,"parent":0,"menu_order":0,"comment_status":"closed","ping_status":"closed","template":"","meta":{"footnotes":""},"class_list":["post-243","page","type-page","status-publish","czr-hentry"],"_links":{"self":[{"href":"https:\/\/www.ucf42.com\/vega\/wp-json\/wp\/v2\/pages\/243","targetHints":{"allow":["GET"]}}],"collection":[{"href":"https:\/\/www.ucf42.com\/vega\/wp-json\/wp\/v2\/pages"}],"about":[{"href":"https:\/\/www.ucf42.com\/vega\/wp-json\/wp\/v2\/types\/page"}],"author":[{"embeddable":true,"href":"https:\/\/www.ucf42.com\/vega\/wp-json\/wp\/v2\/users\/2"}],"replies":[{"embeddable":true,"href":"https:\/\/www.ucf42.com\/vega\/wp-json\/wp\/v2\/comments?post=243"}],"version-history":[{"count":4,"href":"https:\/\/www.ucf42.com\/vega\/wp-json\/wp\/v2\/pages\/243\/revisions"}],"predecessor-version":[{"id":288,"href":"https:\/\/www.ucf42.com\/vega\/wp-json\/wp\/v2\/pages\/243\/revisions\/288"}],"wp:attachment":[{"href":"https:\/\/www.ucf42.com\/vega\/wp-json\/wp\/v2\/media?parent=243"}],"curies":[{"name":"wp","href":"https:\/\/api.w.org\/{rel}","templated":true}]}}