{"id":202,"date":"2025-02-23T09:06:28","date_gmt":"2025-02-23T08:06:28","guid":{"rendered":"https:\/\/www.ucf42.com\/vega\/?page_id=202"},"modified":"2025-02-24T10:55:02","modified_gmt":"2025-02-24T09:55:02","slug":"on-va-y-arriver","status":"publish","type":"page","link":"https:\/\/www.ucf42.com\/vega\/on-va-y-arriver\/","title":{"rendered":"On va y arriver"},"content":{"rendered":"\n<p>\u00ab&nbsp;On va y arriver&nbsp;!&nbsp;\u00bb<\/p>\n\n\n\n<p>Derri\u00e8re ce slogan, que chacun des membres du club s\u2019est appropri\u00e9, se cache surtout un \u00ab&nbsp;Esprit UCF42&nbsp;\u00bb.<\/p>\n\n\n\n<p>Cet esprit de plaisir et de solidarit\u00e9 qui me sont tr\u00e8s chers\u2026<\/p>\n\n\n\n<p>Quelle fiert\u00e9 pour moi de voir les coureurs \u00ab&nbsp;Elites&nbsp;\u00bb FFC venir tenir le panneau K10 pour faire signaleur sur la course FSGT de Montrond ou bien de voir tout le monde au travail pour planter les piquets pour le cyclo-cross ou bien encore installer les panneaux et autres fl\u00e8ches sur la course historique (depuis 1966) handisport de Veauchette\u2026<\/p>\n\n\n\n<p>J\u2019ai longuement h\u00e9sit\u00e9 \u00e0 prendre la pr\u00e9sidence de ce club \u00e0 la tr\u00e8s longue histoire\u2026 mais je n\u2019ai maintenant aucun regret, j\u2019aime cet esprit de convivialit\u00e9, tout en gardant tout le s\u00e9rieux utile et n\u00e9cessaire \u00e0 nos organisations qui font maintenant r\u00e9f\u00e9rence\u2026<\/p>\n\n\n\n<p>Quel honneur pour moi d\u2019aller repr\u00e9senter l\u2019UCF42 dans les diff\u00e9rentes instances f\u00e9d\u00e9rales d\u00e9partementales et r\u00e9gionales.<\/p>\n\n\n\n<p>Nous avons su associer les genres, les g\u00e9n\u00e9rations, la solidarit\u00e9, le s\u00e9rieux et bien s\u00fbr le plaisir\u2026<\/p>\n\n\n\n<p>Tout cela fait que, sans se prendre au s\u00e9rieux, nous avons de magnifiques r\u00e9sultats et de magnifiques organisations\u2026 qui attirent maintenant de nouveaux membres, de nouveaux sponsors et m\u00eame de nouveaux spectateurs\u2026<\/p>\n\n\n\n<p>Continuons de porter haut les couleurs de l\u2019UCF42\u2026 et le plaisir n\u2019en sera que plus grand, alors, j\u2019en suis convaincu plus que jamais\u2026&nbsp;<strong><em>on va y arriver&nbsp;!<\/em><\/strong><\/p>\n\n\n\n<p>Claude GERBAUD \u2013 Pr\u00e9sident UCF42<\/p>\n\n\n\n<hr class=\"wp-block-separator has-alpha-channel-opacity\"\/>\n\n\n\n<p class=\"has-white-color has-text-color has-link-color wp-elements-eb0cab2fab10e5afec7eabb51097bc5e\">ucf42.com, UCF, UCF42, Union Cycliste du Forez, cyclisme, Montrond les Bains, Veauche, Veauchette, Comp\u00e9tition, cyclisme sur route, cyclosport, handisport<\/p>\n","protected":false},"excerpt":{"rendered":"<p>\u00ab&nbsp;On va y arriver&nbsp;!&nbsp;\u00bb Derri\u00e8re ce slogan, que chacun des membres du club s\u2019est appropri\u00e9, se cache surtout un \u00ab&nbsp;Esprit UCF42&nbsp;\u00bb. Cet esprit de plaisir et de solidarit\u00e9 qui me sont tr\u00e8s chers\u2026 Quelle fiert\u00e9 pour moi de voir les coureurs \u00ab&nbsp;Elites&nbsp;\u00bb FFC venir tenir le panneau K10 pour faire signaleur sur la course FSGT [&hellip;]<\/p>\n","protected":false},"author":2,"featured_media":0,"parent":0,"menu_order":0,"comment_status":"closed","ping_status":"closed","template":"","meta":{"footnotes":""},"class_list":["post-202","page","type-page","status-publish","czr-hentry"],"_links":{"self":[{"href":"https:\/\/www.ucf42.com\/vega\/wp-json\/wp\/v2\/pages\/202","targetHints":{"allow":["GET"]}}],"collection":[{"href":"https:\/\/www.ucf42.com\/vega\/wp-json\/wp\/v2\/pages"}],"about":[{"href":"https:\/\/www.ucf42.com\/vega\/wp-json\/wp\/v2\/types\/page"}],"author":[{"embeddable":true,"href":"https:\/\/www.ucf42.com\/vega\/wp-json\/wp\/v2\/users\/2"}],"replies":[{"embeddable":true,"href":"https:\/\/www.ucf42.com\/vega\/wp-json\/wp\/v2\/comments?post=202"}],"version-history":[{"count":2,"href":"https:\/\/www.ucf42.com\/vega\/wp-json\/wp\/v2\/pages\/202\/revisions"}],"predecessor-version":[{"id":289,"href":"https:\/\/www.ucf42.com\/vega\/wp-json\/wp\/v2\/pages\/202\/revisions\/289"}],"wp:attachment":[{"href":"https:\/\/www.ucf42.com\/vega\/wp-json\/wp\/v2\/media?parent=202"}],"curies":[{"name":"wp","href":"https:\/\/api.w.org\/{rel}","templated":true}]}}