{"id":193,"date":"2025-02-23T08:49:16","date_gmt":"2025-02-23T07:49:16","guid":{"rendered":"https:\/\/www.ucf42.com\/vega\/?page_id=193"},"modified":"2025-02-24T10:48:38","modified_gmt":"2025-02-24T09:48:38","slug":"lucf42-en-resume","status":"publish","type":"page","link":"https:\/\/www.ucf42.com\/vega\/lucf42-en-resume\/","title":{"rendered":"L&rsquo;UCF42 en r\u00e9sum\u00e9"},"content":{"rendered":"\n<p>L\u2019Union Cycliste Forez 42 (UCF42) est un club (association loi 1901) de pratique du cyclisme amateur, comp\u00e9tition et cyclo-sportif.<\/p>\n\n\n\n<p>Le club est affili\u00e9 \u00e0 3 f\u00e9d\u00e9rations :<\/p>\n\n\n\n<ul class=\"wp-block-list\">\n<li>La F\u00e9d\u00e9ration Fran\u00e7aise de Cyclisme (FFC) au sein du comit\u00e9 d\u00e9partemental de la Loire.<\/li>\n\n\n\n<li>La F\u00e9d\u00e9ration Sportive et Gymnique du Travail (FSGT) au sein du comit\u00e9 d\u00e9partemental de la Loire.<\/li>\n\n\n\n<li>La F\u00e9d\u00e9ration Fran\u00e7aise Handisport (FFH); l&rsquo;UCF42 collabore avec St Etienne Handisport pour l\u2019organisation des courses de Veauchette. Le club a deux \u00ab tandems handisport \u00bb qui participent aux \u00e9preuves nationales.<\/li>\n<\/ul>\n\n\n\n<p>L&rsquo;UCF42 est soutenue par les collectivit\u00e9s suivantes :<\/p>\n\n\n\n<ul class=\"wp-block-list\">\n<li>La commune de Montrond les Bains<\/li>\n\n\n\n<li>La commune de Veauche<\/li>\n\n\n\n<li>La commune de Veauchette<\/li>\n\n\n\n<li>Le d\u00e9partement LOIRE<\/li>\n<\/ul>\n\n\n\n<p><\/p>\n\n\n\n<p>Son si\u00e8ge social et son adresse postale sont :<\/p>\n\n\n\n<p><strong>UCF42-Union Cycliste Forez<\/strong><br><strong>Complexe sportif<\/strong><br><strong>Rue Marcel PAGNOL<\/strong><br><strong>42340 VEAUCHE<\/strong><\/p>\n\n\n\n<p class=\"has-vivid-cyan-blue-color has-text-color has-link-color wp-elements-8d066a862f5787faadb5131a63b4f893\">Son site internet : <a href=\"https:\/\/www.ucf42.com\/vega\" target=\"_blank\" rel=\"noreferrer noopener\">www.ucf42.com<\/a><\/p>\n\n\n\n<p>Le club est administr\u00e9 par un Conseil d\u2019Administration, de 15 membres, renouvelable au tiers chaque ann\u00e9e, par vote des adh\u00e9rents lors de l\u2019Assembl\u00e9e G\u00e9n\u00e9rale Ordinaire du club.<\/p>\n\n\n\n<p>Contacts :<\/p>\n\n\n\n<p class=\"has-vivid-cyan-blue-color has-text-color has-link-color wp-elements-1d1ae1069f23ce7b616be9320071a696\"><a href=\"mailto:president@ucf42.com\" target=\"_blank\" rel=\"noreferrer noopener nofollow\">president@ucf42.com<\/a> <br><br><a href=\"mailto:secretaire@ucf42.com\" target=\"_blank\" rel=\"noreferrer noopener nofollow\">secretaire@ucf42.com<\/a><br><br><a href=\"mailto:tresorier@ucf42.com\" target=\"_blank\" rel=\"noreferrer noopener nofollow\">tresorier@ucf42.com<\/a><\/p>\n\n\n\n<hr class=\"wp-block-separator has-alpha-channel-opacity\"\/>\n\n\n\n<p class=\"has-white-color has-text-color has-link-color wp-elements-eb0cab2fab10e5afec7eabb51097bc5e\">ucf42.com, UCF, UCF42, Union Cycliste du Forez, cyclisme, Montrond les Bains, Veauche, Veauchette, Comp\u00e9tition, cyclisme sur route, cyclosport, handisport<\/p>\n\n\n\n<p><\/p>\n","protected":false},"excerpt":{"rendered":"<p>L\u2019Union Cycliste Forez 42 (UCF42) est un club (association loi 1901) de pratique du cyclisme amateur, comp\u00e9tition et cyclo-sportif. Le club est affili\u00e9 \u00e0 3 f\u00e9d\u00e9rations : L&rsquo;UCF42 est soutenue par les collectivit\u00e9s suivantes : Son si\u00e8ge social et son adresse postale sont : UCF42-Union Cycliste ForezComplexe sportifRue Marcel PAGNOL42340 VEAUCHE Son site internet : [&hellip;]<\/p>\n","protected":false},"author":2,"featured_media":0,"parent":0,"menu_order":0,"comment_status":"closed","ping_status":"closed","template":"","meta":{"footnotes":""},"class_list":["post-193","page","type-page","status-publish","czr-hentry"],"_links":{"self":[{"href":"https:\/\/www.ucf42.com\/vega\/wp-json\/wp\/v2\/pages\/193","targetHints":{"allow":["GET"]}}],"collection":[{"href":"https:\/\/www.ucf42.com\/vega\/wp-json\/wp\/v2\/pages"}],"about":[{"href":"https:\/\/www.ucf42.com\/vega\/wp-json\/wp\/v2\/types\/page"}],"author":[{"embeddable":true,"href":"https:\/\/www.ucf42.com\/vega\/wp-json\/wp\/v2\/users\/2"}],"replies":[{"embeddable":true,"href":"https:\/\/www.ucf42.com\/vega\/wp-json\/wp\/v2\/comments?post=193"}],"version-history":[{"count":10,"href":"https:\/\/www.ucf42.com\/vega\/wp-json\/wp\/v2\/pages\/193\/revisions"}],"predecessor-version":[{"id":283,"href":"https:\/\/www.ucf42.com\/vega\/wp-json\/wp\/v2\/pages\/193\/revisions\/283"}],"wp:attachment":[{"href":"https:\/\/www.ucf42.com\/vega\/wp-json\/wp\/v2\/media?parent=193"}],"curies":[{"name":"wp","href":"https:\/\/api.w.org\/{rel}","templated":true}]}}