{"id":32,"date":"2025-02-21T08:51:21","date_gmt":"2025-02-21T07:51:21","guid":{"rendered":"https:\/\/www.ucf42.com\/vega\/?page_id=32"},"modified":"2025-02-24T11:45:08","modified_gmt":"2025-02-24T10:45:08","slug":"revoir-notre-ancien-site","status":"publish","type":"page","link":"http:\/\/www.ucf42.com\/vega\/revoir-notre-ancien-site\/","title":{"rendered":"Revoir notre ancien site"},"content":{"rendered":"\n<p><\/p>\n\n\n\n<p>Un m\u00e9chant bug que nous avons mal anticip\u00e9 nous emp\u00eache de modifier les pages de notre ancien site.<\/p>\n\n\n\n<p>Nous recherchons le moyen de vous le faire visiter quand m\u00eame.<\/p>\n\n\n\n<p>Vous trouverez ci-dessous quelques liens qui fonctionnent encore et vous permettront de retrouver un peu d&rsquo;historique :<\/p>\n\n\n\n<p>Attention, si vous vous lancez dans cette exploration, ne cliquez pas sur quelque chose qui vous ram\u00e8nerait \u00e0 la page d\u00e9part, vous reviendriez au nouveau site !<\/p>\n\n\n\n<h3 class=\"wp-block-heading\">Archives du \u00ab\u00a0Blog\u00a0\u00bb sur l&rsquo;ancien site :<\/h3>\n\n\n\n<p><a href=\"https:\/\/www.ucf42.com\/blog\/index.php\/category\/actualites\" target=\"_blank\" rel=\"noreferrer noopener nofollow\">https:\/\/www.ucf42.com\/blog\/index.php\/category\/actualites<\/a><\/p>\n\n\n\n<h3 class=\"wp-block-heading\">Archives \u00ab\u00a0R\u00e9sultats\u00a0\u00bb sur l&rsquo;ancien site :<\/h3>\n\n\n\n<p><a href=\"https:\/\/www.ucf42.com\/blog\/index.php\/category\/resultats\" target=\"_blank\" rel=\"noreferrer noopener nofollow\">https:\/\/www.ucf42.com\/blog\/index.php\/category\/resultats<\/a><\/p>\n\n\n\n<h3 class=\"wp-block-heading\">Archives \u00ab\u00a0Nos organisations sur l&rsquo;ancien site :<\/h3>\n\n\n\n<p><a href=\"https:\/\/www.ucf42.com\/blog\/index.php\/category\/nos-organisations\" target=\"_blank\" rel=\"noreferrer noopener nofollow\">https:\/\/www.ucf42.com\/blog\/index.php\/category\/nos-organisations<\/a><\/p>\n\n\n\n<p><\/p>\n\n\n\n<p class=\"has-vivid-cyan-blue-color has-text-color has-link-color wp-elements-05632029db11419b895fe2527d27a9af\"><\/p>\n\n\n\n<p><\/p>\n","protected":false},"excerpt":{"rendered":"<p>Un m\u00e9chant bug que nous avons mal anticip\u00e9 nous emp\u00eache de modifier les pages de notre ancien site. Nous recherchons le moyen de vous le faire visiter quand m\u00eame. Vous trouverez ci-dessous quelques liens qui fonctionnent encore et vous permettront de retrouver un peu d&rsquo;historique : Attention, si vous vous lancez dans cette exploration, ne [&hellip;]<\/p>\n","protected":false},"author":2,"featured_media":0,"parent":0,"menu_order":0,"comment_status":"closed","ping_status":"closed","template":"","meta":{"footnotes":""},"class_list":["post-32","page","type-page","status-publish","czr-hentry"],"_links":{"self":[{"href":"http:\/\/www.ucf42.com\/vega\/wp-json\/wp\/v2\/pages\/32","targetHints":{"allow":["GET"]}}],"collection":[{"href":"http:\/\/www.ucf42.com\/vega\/wp-json\/wp\/v2\/pages"}],"about":[{"href":"http:\/\/www.ucf42.com\/vega\/wp-json\/wp\/v2\/types\/page"}],"author":[{"embeddable":true,"href":"http:\/\/www.ucf42.com\/vega\/wp-json\/wp\/v2\/users\/2"}],"replies":[{"embeddable":true,"href":"http:\/\/www.ucf42.com\/vega\/wp-json\/wp\/v2\/comments?post=32"}],"version-history":[{"count":7,"href":"http:\/\/www.ucf42.com\/vega\/wp-json\/wp\/v2\/pages\/32\/revisions"}],"predecessor-version":[{"id":297,"href":"http:\/\/www.ucf42.com\/vega\/wp-json\/wp\/v2\/pages\/32\/revisions\/297"}],"wp:attachment":[{"href":"http:\/\/www.ucf42.com\/vega\/wp-json\/wp\/v2\/media?parent=32"}],"curies":[{"name":"wp","href":"https:\/\/api.w.org\/{rel}","templated":true}]}}